{"id":2,"date":"2024-05-29T09:57:13","date_gmt":"2024-05-29T09:57:13","guid":{"rendered":"https:\/\/iustuspinus.com\/?page_id=2"},"modified":"2025-12-30T08:37:59","modified_gmt":"2025-12-30T08:37:59","slug":"smjestaj","status":"publish","type":"page","link":"https:\/\/iustuspinus.com\/index.php\/smjestaj\/","title":{"rendered":"SMJE\u0160TAJ"},"content":{"rendered":"\n<h3 class=\"wp-block-heading\">DETALJI JEDINICE<\/h3>\n\n\n\n<ul class=\"wp-block-list\">\n<li>Tip: apartman<\/li>\n\n\n\n<li style=\"padding-top:0;padding-right:0;padding-bottom:0;padding-left:0\">Kategorizacija: 4*<\/li>\n\n\n\n<li style=\"padding-top:0;padding-right:0;padding-bottom:0;padding-left:0\">Kat: prizemlje<\/li>\n\n\n\n<li style=\"padding-top:0;padding-right:0;padding-bottom:0;padding-left:0\">Povr\u0161ina: 74 m<sup>2<\/sup><\/li>\n\n\n\n<li style=\"padding-top:0;padding-right:0;padding-bottom:0;padding-left:0\">Bra\u010dni krevet: 1<\/li>\n\n\n\n<li style=\"padding-top:0;padding-right:0;padding-bottom:0;padding-left:0\">Pomo\u0107ni le\u017eaj: 1 (za dvije osobe)<\/li>\n\n\n\n<li style=\"padding-top:0;padding-right:0;padding-bottom:0;padding-left:0\">WC: 2<\/li>\n<\/ul>\n\n\n\n<h3 class=\"wp-block-heading\">OPREMLJENOST OBJEKTA<\/h3>\n\n\n\n<ul class=\"wp-block-list\">\n<li>Osiguran parking<\/li>\n\n\n\n<li>Internet<\/li>\n\n\n\n<li>Grijanje<\/li>\n\n\n\n<li>Klima u svim sobama<\/li>\n\n\n\n<li>Sef<\/li>\n\n\n\n<li>Protupo\u017earni aparat<\/li>\n\n\n\n<li>Kuhinjski pribor<\/li>\n\n\n\n<li>Hladnjak<\/li>\n\n\n\n<li>Pe\u0107nica<\/li>\n\n\n\n<li>Perilica su\u0111a<\/li>\n\n\n\n<li>Aparat za kavu<\/li>\n\n\n\n<li>Kuhalo za vodu<\/li>\n\n\n\n<li>Toster<\/li>\n\n\n\n<li>\u0160tednjak<\/li>\n\n\n\n<li>Posteljina<\/li>\n\n\n\n<li>Ru\u010dnici<\/li>\n\n\n\n<li>Su\u0161ilo za kosu<\/li>\n<\/ul>\n\n\n\n<p>**dje\u010dji kreveti\u0107 je mogu\u0107 na zahtjev<\/p>\n\n\n\n<p>***ku\u0107ni ljubimci <strong>NISU<\/strong> dozvoljeni<\/p>\n\n\n\n<p>****pu\u0161enje <strong>NIJE<\/strong> dozvoljeno<\/p>\n\n\n\n<h3 class=\"wp-block-heading\" id=\"Cjenik\">Cjenik<\/h3>\n\n\n\n<figure class=\"wp-block-table is-style-stripes\"><table><thead><tr><th>Broj no\u0107enja<\/th><th>Broj gostiju<\/th><th>Cijena \/ no\u0107<\/th><\/tr><\/thead><tbody><tr><td>1 no\u0107enje<\/td><td>1 &#8211; 2<\/td><td>EUR 100,00<\/td><\/tr><tr><td>1 no\u0107enje<\/td><td>3 &#8211; 4<\/td><td>EUR 110,00<\/td><\/tr><tr><td>2+ no\u0107enja<\/td><td>1 &#8211; 2<\/td><td>EUR 90,00<\/td><\/tr><tr><td>2+ no\u0107enja<\/td><td>3 &#8211; 4<\/td><td>EUR 100,00<\/td><\/tr><\/tbody><\/table><\/figure>\n\n\n\n<h3 class=\"wp-block-heading\" id=\"Rezervacije\">Upit za rezervaciju<\/h3>\n\n\n\n<div class=\"wp-block-booking-booking\"> <div id=\"form_id1720656342592\"  class=\"wpbc_container wpbc_container_booking_form  wpdevelop \" ><form  id=\"booking_form1\"   class=\"booking_form vertical\" method=\"post\" action=\"\"><div id=\"ajax_respond_insert1\" class=\"ajax_respond_insert\" style=\"display:none;\"><\/div><a name=\"bklnk1\" id=\"bklnk1\"><\/a><div id=\"booking_form_div1\" class=\"booking_form_div\"><style type=\"text\/css\">.wpbc_container_booking_form .block_hints, .wpbc_booking_form_simple .wpbc__form__div{max-width:440px;} <\/style>\n<div class=\"wpbc_booking_form_simple \">\n<div class=\"wpbc_calendar_wraper wpbc_change_over_triangle\"><div class=\"bk_calendar_frame wpbc_no_custom_width  months_num_in_row_ cal_month_num_2\" style=\"\"><div id=\"calendar_booking1\">U\u010ditavanje kalendara...<\/div><\/div><div style=\"font-size:7px;text-align:left;margin:0 0 10px;text-shadow: none;\">Powered by <a href=\"https:\/\/wpbookingcalendar.com\" target=\"_blank\" title=\"Booking Calendar plugin for WordPress\">Booking Calendar<\/a><\/div><textarea id=\"date_booking1\" name=\"date_booking1\" autocomplete=\"off\" style=\"display:none;\"><\/textarea><\/div>\n<div class=\"wpbc__form__div\">\n\t<div class=\"wpbc__row\">\n\t\t<div class=\"wpbc__field\">  <label for=\"name1\">Ime*:<\/label><br>   <input type=\"text\" name=\"name1\" id=\"name1\" class=\"input-xlarge wpdev-validates-as-required\" \/><\/div>\n\t<\/div>\n\t<div class=\"wpbc__row\">\n\t\t<div class=\"wpbc__field\">  <label for=\"secondname1\">Prezime*:<\/label><br>   <input type=\"text\" name=\"secondname1\" id=\"secondname1\" class=\"input-xlarge wpdev-validates-as-required\" \/><\/div>\n\t<\/div>\n\t<div class=\"wpbc__row\">\n\t\t<div class=\"wpbc__field\">  <label for=\"email1\">Email*:<\/label><br>   <input type=\"text\" name=\"email1\" id=\"email1\" class=\"input-xlarge wpdev-validates-as-email wpdev-validates-as-required wpdev-validates-as-required\" \/><\/div>\n\t<\/div>\n\t<div class=\"wpbc__row\">\n\t\t<div class=\"wpbc__field\">  <label for=\"visitors1\">Broj gostiju*:<\/label><br>   <select name=\"visitors1\" id=\"visitors1\" class=\"input-xlarge wpdev-validates-as-required\" >  <option value=\"1\" >1<\/option>  <option value=\"2\" >2<\/option>  <option value=\"3\" >3<\/option>  <option value=\"4\" >4<\/option>     <\/select><\/div>\n\t<\/div>\n\t<div class=\"wpbc__row\">\n\t\t<div class=\"wpbc__field\">  <label for=\"phone1\">Telefon:<\/label><br>   <input type=\"text\" name=\"phone1\" id=\"phone1\" class=\"input-xlarge\" \/><\/div>\n\t<\/div>\n\t<div class=\"wpbc__row\">\n\t\t<div class=\"wpbc__field\">  <label for=\"details1\">Napomena:<\/label><br>   <textarea  rows=\"3\" name=\"details1\" id=\"details1\" class=\"input-xlarge\" ><\/textarea><\/div>\n\t<\/div>\n\t<div class=\"wpbc__spacer\" style=\"width:100%;clear:both;height:10px;\"><\/div>\n\t<div class=\"wpbc__row\">\n\t\t<div class=\"wpbc__field\"> <span class=\"wpbc_text_captcha_container\"><input  autocomplete=\"off\" type=\"hidden\" name=\"wpdev_captcha_challenge_1\"  id=\"wpdev_captcha_challenge_1\" value=\"1576873340\" \/><input  autocomplete=\"off\" type=\"text\" class=\"captachinput\" value=\"\" name=\"captcha_input1\" id=\"captcha_input1\" \/><img decoding=\"async\" class=\"captcha_img\"  id=\"captcha_img1\" alt=\"captcha\" src=\"https:\/\/iustuspinus.com\/wp-content\/plugins\/booking\/js\/captcha\/tmp\/1576873340.png\" \/><\/span> <\/div>\n\t<\/div>\n\t<div class=\"wpbc__row\">\n\t\t<div class=\"wpbc__field\"> <p><button class=\"wpbc_button_light\" type=\"button\" onclick=\"mybooking_submit(this.form,1,'hr');\" >Po\u0161alji upit<\/button><\/p> <\/div>\n\t<\/div>\n<\/div>\n<\/div><input id=\"bk_type1\" name=\"bk_type1\" class=\"\" type=\"hidden\" value=\"1\" \/><\/div><div id=\"submiting1\"><\/div><div class=\"form_bk_messages\" id=\"form_bk_messages1\" ><\/div><input type=\"hidden\" id=\"wpbc_nonceCALCULATE_THE_COST1\" name=\"wpbc_nonceCALCULATE_THE_COST1\" value=\"92e41b096d\" \/><input type=\"hidden\" name=\"_wp_http_referer\" value=\"\/index.php\/wp-json\/wp\/v2\/pages\/2\" \/><\/form><\/div><div id=\"booking_form_garbage1\" class=\"booking_form_garbage\"><\/div><script type=\"text\/javascript\">\n                                jQuery(document).ready( function(){\n                                    jQuery(\".widget_wpdev_booking .booking_form.form-horizontal\").removeClass(\"form-horizontal\");\n                                    var visible_calendars_count = _wpbc.get_other_param( \"calendars__on_this_page\" ).length;\n                                    if (visible_calendars_count !== null ) {\n                                        for (var i=0;i< visible_calendars_count ;i++){\n                                          if ( _wpbc.get_other_param( \"calendars__on_this_page\" )[i] === 1 ) {\n                                              document.getElementById(\"form_id1720656342592\").innerHTML = \"<span style='color:#A00;font-size:10px;'>Upozorenje! Kalendar rezervacija za ovaj sadr\u017eaj za rezervaciju je ve\u0107 na stranici, molimo pro\u010ditajte vi\u0161e o ovom problemu na ovoj stranici: https:\/\/wpbookingcalendar.com\/faq\/why-the-booking-calendar-widget-not-show-on-page\/<\/span>\";                                                                                                  \n                                              jQuery(\"#form_id1720656342592\").animate( {opacity: 1}, 10000 ).fadeOut(5000);\n                                              return;\n                                          }\n                                        }\n                                        _wpbc.get_other_param( \"calendars__on_this_page\" )[ visible_calendars_count ]=1;\n                                    }\n                                });\n                            <\/script> <script type='text\/javascript'> jQuery(document).ready( function(){  _wpbc.balancer__set_max_threads( 3 );  _wpbc.calendar__set_param_value( 1 , 'calendar_scroll_to' , false );  _wpbc.calendar__set_param_value( 1 , 'booking_max_monthes_in_calendar' , '1y' );  _wpbc.calendar__set_param_value( 1 , 'booking_start_day_weeek' , '1' );  _wpbc.calendar__set_param_value( 1 , 'calendar_number_of_months' , '2' );   _wpbc.calendar__set_param_value( 1, 'days_select_mode', 'multiple' );   _wpbc.calendar__set_param_value( 1, 'fixed__days_num', 0 );   _wpbc.calendar__set_param_value( 1, 'fixed__week_days__start',   [] );   _wpbc.calendar__set_param_value( 1, 'dynamic__days_min', 0 );   _wpbc.calendar__set_param_value( 1, 'dynamic__days_max', 0 );   _wpbc.calendar__set_param_value( 1, 'dynamic__days_specific',    [] );   _wpbc.calendar__set_param_value( 1, 'dynamic__week_days__start', [] );   _wpbc.calendar__set_param_value( 1, 'booking_date_format', 'd.m.Y.' );   _wpbc.calendar__set_param_value( 1, 'booking_time_format', 'H:i' );   if ( 'function' === typeof ( wpbc__conditions__SAVE_INITIAL__days_selection_params__bm ) ){ wpbc__conditions__SAVE_INITIAL__days_selection_params__bm( 1 ); }   wpbc_calendar_show( '1' );   _wpbc.set_secure_param( 'nonce',   '575d03e6cc' );   _wpbc.set_secure_param( 'user_id', '0' );   _wpbc.set_secure_param( 'locale',  'hr' );  wpbc_calendar__load_data__ajx( {\"resource_id\":1,\"booking_hash\":\"\",\"request_uri\":\"\\\/index.php\\\/wp-json\\\/wp\\\/v2\\\/pages\\\/2\",\"custom_form\":\"standard\",\"aggregate_resource_id_str\":\"\",\"aggregate_type\":\"all\"} );  } ); <\/script><\/div>\n\n\n\n<div style=\"height:100px\" aria-hidden=\"true\" class=\"wp-block-spacer\"><\/div>\n","protected":false},"excerpt":{"rendered":"<p>DETALJI JEDINICE OPREMLJENOST OBJEKTA **dje\u010dji kreveti\u0107 je mogu\u0107 na zahtjev ***ku\u0107ni ljubimci NISU dozvoljeni ****pu\u0161enje NIJE dozvoljeno Cjenik Broj no\u0107enja Broj gostiju Cijena \/ no\u0107 1 no\u0107enje 1 &#8211; 2 EUR 100,00 1 no\u0107enje 3 &#8211; 4 EUR 110,00 2+ no\u0107enja 1 &#8211; 2 EUR 90,00 2+ no\u0107enja 3 &#8211; 4 EUR 100,00 Upit za&hellip;&nbsp;<a href=\"https:\/\/iustuspinus.com\/index.php\/smjestaj\/\" class=\"\" rel=\"bookmark\">Read More &raquo;<span class=\"screen-reader-text\">SMJE\u0160TAJ<\/span><\/a><\/p>\n","protected":false},"author":1,"featured_media":0,"parent":0,"menu_order":3,"comment_status":"closed","ping_status":"closed","template":"","meta":{"neve_meta_sidebar":"","neve_meta_container":"","neve_meta_enable_content_width":"","neve_meta_content_width":0,"neve_meta_title_alignment":"","neve_meta_author_avatar":"","neve_post_elements_order":"","neve_meta_disable_header":"","neve_meta_disable_footer":"","neve_meta_disable_title":"","ngg_post_thumbnail":0,"_ti_tpc_template_sync":false,"_ti_tpc_template_id":"","footnotes":""},"class_list":["post-2","page","type-page","status-publish","hentry"],"_links":{"self":[{"href":"https:\/\/iustuspinus.com\/index.php\/wp-json\/wp\/v2\/pages\/2","targetHints":{"allow":["GET"]}}],"collection":[{"href":"https:\/\/iustuspinus.com\/index.php\/wp-json\/wp\/v2\/pages"}],"about":[{"href":"https:\/\/iustuspinus.com\/index.php\/wp-json\/wp\/v2\/types\/page"}],"author":[{"embeddable":true,"href":"https:\/\/iustuspinus.com\/index.php\/wp-json\/wp\/v2\/users\/1"}],"replies":[{"embeddable":true,"href":"https:\/\/iustuspinus.com\/index.php\/wp-json\/wp\/v2\/comments?post=2"}],"version-history":[{"count":28,"href":"https:\/\/iustuspinus.com\/index.php\/wp-json\/wp\/v2\/pages\/2\/revisions"}],"predecessor-version":[{"id":335,"href":"https:\/\/iustuspinus.com\/index.php\/wp-json\/wp\/v2\/pages\/2\/revisions\/335"}],"wp:attachment":[{"href":"https:\/\/iustuspinus.com\/index.php\/wp-json\/wp\/v2\/media?parent=2"}],"curies":[{"name":"wp","href":"https:\/\/api.w.org\/{rel}","templated":true}]}}